{"id":1540,"date":"2025-08-20T18:41:47","date_gmt":"2025-08-20T18:41:47","guid":{"rendered":"https:\/\/mystic-desert-tours.com\/oasis-de-kharga\/"},"modified":"2025-12-17T19:50:43","modified_gmt":"2025-12-17T19:50:43","slug":"oasis-de-kharga","status":"publish","type":"page","link":"https:\/\/mystic-desert-tours.com\/fr\/accueil\/galerie-de-photos\/oasis-de-kharga\/","title":{"rendered":"Oasis de Kharga"},"content":{"rendered":"<style type=\"text\/css\">\n#foogallery-gallery-522 .fg-image { width: 150px; }\n#foogallery-gallery-522 { --fg-gutter: 10px; }<\/style>\n\t\t\t<div class=\"foogallery foogallery-container foogallery-default foogallery-lightbox-foogallery fg-center fg-default fg-ready fg-light fg-border-thin fg-shadow-outline fg-loading-default fg-loaded-fade-in fg-caption-always fg-hover-fade fg-hover-zoom\" id=\"foogallery-gallery-522\" data-foogallery=\"{&quot;item&quot;:{&quot;showCaptionTitle&quot;:false,&quot;showCaptionDescription&quot;:true},&quot;lazy&quot;:true}\" data-foogallery-lightbox=\"{&quot;theme&quot;:&quot;fg-dark&quot;,&quot;thumbs&quot;:&quot;bottom&quot;,&quot;thumbsCaptions&quot;:false,&quot;thumbsBestFit&quot;:false,&quot;thumbsSmall&quot;:false,&quot;thumbsCaptionsAlign&quot;:&quot;default&quot;,&quot;info&quot;:&quot;bottom&quot;,&quot;infoVisible&quot;:true,&quot;infoOverlay&quot;:true,&quot;infoAlign&quot;:&quot;default&quot;,&quot;transition&quot;:&quot;fade&quot;,&quot;autoProgress&quot;:10,&quot;autoProgressStart&quot;:true,&quot;hoverButtons&quot;:false,&quot;fitMedia&quot;:false,&quot;noScrollbars&quot;:true,&quot;preserveButtonSpace&quot;:true,&quot;noMobile&quot;:true,&quot;buttons&quot;:{&quot;fullscreen&quot;:true,&quot;info&quot;:true,&quot;thumbs&quot;:false},&quot;video&quot;:{&quot;autoPlay&quot;:true}}\" style=\"--fg-title-line-clamp: 0; --fg-description-line-clamp: 0;\" >\n\t<div class=\"fg-item fg-type-image fg-idle\"><figure class=\"fg-item-inner\"><a href=\"https:\/\/mystic-desert-tours.com\/wp-content\/uploads\/2025\/09\/DSC05122_v2-scaled.jpg\" data-caption-desc=\"Paysage d&#039;oasis (partie nord)\" data-attachment-id=\"1658\" data-type=\"image\" class=\"fg-thumb\"><span class=\"fg-image-wrap\"><img decoding=\"async\" width=\"150\" height=\"150\" class=\"skip-lazy fg-image\" data-src-fg=\"https:\/\/mystic-desert-tours.com\/wp-content\/uploads\/cache\/2025\/09\/DSC05122_v2-scaled\/2587979204.jpg\" data-srcset-fg=\"https:\/\/mystic-desert-tours.com\/wp-content\/uploads\/cache\/2025\/09\/DSC05122_v2-scaled\/3425027684.jpg 4x\" src=\"data:image\/svg+xml,%3Csvg%20xmlns%3D%22http%3A%2F%2Fwww.w3.org%2F2000%2Fsvg%22%20width%3D%22150%22%20height%3D%22150%22%20viewBox%3D%220%200%20150%20150%22%3E%3C%2Fsvg%3E\" loading=\"eager\"><\/span><span class=\"fg-image-overlay\"><\/span><\/a><figcaption class=\"fg-caption\"><div class=\"fg-caption-inner\"><div class=\"fg-caption-desc\">Paysage d'oasis (partie nord)<\/div><\/div><\/figcaption><\/figure><div class=\"fg-loader\"><\/div><\/div><div class=\"fg-item fg-type-image fg-idle\"><figure class=\"fg-item-inner\"><a href=\"https:\/\/mystic-desert-tours.com\/wp-content\/uploads\/2025\/09\/DSC05132-scaled.jpg\" data-caption-desc=\"Yardang dans la partie nord\" data-attachment-id=\"1654\" data-type=\"image\" class=\"fg-thumb\"><span class=\"fg-image-wrap\"><img decoding=\"async\" width=\"150\" height=\"150\" class=\"skip-lazy fg-image\" data-src-fg=\"https:\/\/mystic-desert-tours.com\/wp-content\/uploads\/cache\/2025\/09\/DSC05132-scaled\/1648471313.jpg\" data-srcset-fg=\"https:\/\/mystic-desert-tours.com\/wp-content\/uploads\/cache\/2025\/09\/DSC05132-scaled\/4001862477.jpg 4x\" src=\"data:image\/svg+xml,%3Csvg%20xmlns%3D%22http%3A%2F%2Fwww.w3.org%2F2000%2Fsvg%22%20width%3D%22150%22%20height%3D%22150%22%20viewBox%3D%220%200%20150%20150%22%3E%3C%2Fsvg%3E\" loading=\"eager\"><\/span><span class=\"fg-image-overlay\"><\/span><\/a><figcaption class=\"fg-caption\"><div class=\"fg-caption-inner\"><div class=\"fg-caption-desc\">Yardang dans la partie nord<\/div><\/div><\/figcaption><\/figure><div class=\"fg-loader\"><\/div><\/div><div class=\"fg-item fg-type-image fg-idle\"><figure class=\"fg-item-inner\"><a href=\"https:\/\/mystic-desert-tours.com\/wp-content\/uploads\/2025\/09\/20221229-15h16m-DSC_5808-Kopie-scaled.jpg\" data-caption-desc=\"Bagawat (n\u00e9cropole chr\u00e9tienne) *\" data-attachment-id=\"1644\" data-type=\"image\" class=\"fg-thumb\"><span class=\"fg-image-wrap\"><img decoding=\"async\" width=\"150\" height=\"150\" class=\"skip-lazy fg-image\" data-src-fg=\"https:\/\/mystic-desert-tours.com\/wp-content\/uploads\/cache\/2025\/09\/20221229-15h16m-DSC_5808-Kopie-scaled\/3085880631.jpg\" data-srcset-fg=\"https:\/\/mystic-desert-tours.com\/wp-content\/uploads\/cache\/2025\/09\/20221229-15h16m-DSC_5808-Kopie-scaled\/3519134895.jpg 4x\" src=\"data:image\/svg+xml,%3Csvg%20xmlns%3D%22http%3A%2F%2Fwww.w3.org%2F2000%2Fsvg%22%20width%3D%22150%22%20height%3D%22150%22%20viewBox%3D%220%200%20150%20150%22%3E%3C%2Fsvg%3E\" loading=\"eager\"><\/span><span class=\"fg-image-overlay\"><\/span><\/a><figcaption class=\"fg-caption\"><div class=\"fg-caption-inner\"><div class=\"fg-caption-desc\">Bagawat (n\u00e9cropole chr\u00e9tienne) *<\/div><\/div><\/figcaption><\/figure><div class=\"fg-loader\"><\/div><\/div><div class=\"fg-item fg-type-image fg-idle\"><figure class=\"fg-item-inner\"><a href=\"https:\/\/mystic-desert-tours.com\/wp-content\/uploads\/2025\/09\/20221229-15h08m-DSC_5799-Kopie-scaled.jpg\" data-caption-desc=\"D\u00e9tail \u00e0 Bagawat (n\u00e9cropole chr\u00e9tienne) *\" data-attachment-id=\"1642\" data-type=\"image\" class=\"fg-thumb\"><span class=\"fg-image-wrap\"><img decoding=\"async\" width=\"150\" height=\"150\" class=\"skip-lazy fg-image\" data-src-fg=\"https:\/\/mystic-desert-tours.com\/wp-content\/uploads\/cache\/2025\/09\/20221229-15h08m-DSC_5799-Kopie-scaled\/1464224550.jpg\" data-srcset-fg=\"https:\/\/mystic-desert-tours.com\/wp-content\/uploads\/cache\/2025\/09\/20221229-15h08m-DSC_5799-Kopie-scaled\/828979902.jpg 4x\" src=\"data:image\/svg+xml,%3Csvg%20xmlns%3D%22http%3A%2F%2Fwww.w3.org%2F2000%2Fsvg%22%20width%3D%22150%22%20height%3D%22150%22%20viewBox%3D%220%200%20150%20150%22%3E%3C%2Fsvg%3E\" loading=\"eager\"><\/span><span class=\"fg-image-overlay\"><\/span><\/a><figcaption class=\"fg-caption\"><div class=\"fg-caption-inner\"><div class=\"fg-caption-desc\">D\u00e9tail \u00e0 Bagawat (n\u00e9cropole chr\u00e9tienne) *<\/div><\/div><\/figcaption><\/figure><div class=\"fg-loader\"><\/div><\/div><div class=\"fg-item fg-type-image fg-idle\"><figure class=\"fg-item-inner\"><a href=\"https:\/\/mystic-desert-tours.com\/wp-content\/uploads\/2025\/09\/20221229-15h33m-DSC_5814-Kopie-scaled.jpg\" data-caption-desc=\"Temple d&#039;Hibis *\" data-attachment-id=\"1646\" data-type=\"image\" class=\"fg-thumb\"><span class=\"fg-image-wrap\"><img decoding=\"async\" width=\"150\" height=\"150\" class=\"skip-lazy fg-image\" data-src-fg=\"https:\/\/mystic-desert-tours.com\/wp-content\/uploads\/cache\/2025\/09\/20221229-15h33m-DSC_5814-Kopie-scaled\/2565568955.jpg\" data-srcset-fg=\"https:\/\/mystic-desert-tours.com\/wp-content\/uploads\/cache\/2025\/09\/20221229-15h33m-DSC_5814-Kopie-scaled\/4274260003.jpg 4x\" src=\"data:image\/svg+xml,%3Csvg%20xmlns%3D%22http%3A%2F%2Fwww.w3.org%2F2000%2Fsvg%22%20width%3D%22150%22%20height%3D%22150%22%20viewBox%3D%220%200%20150%20150%22%3E%3C%2Fsvg%3E\" loading=\"eager\"><\/span><span class=\"fg-image-overlay\"><\/span><\/a><figcaption class=\"fg-caption\"><div class=\"fg-caption-inner\"><div class=\"fg-caption-desc\">Temple d'Hibis *<\/div><\/div><\/figcaption><\/figure><div class=\"fg-loader\"><\/div><\/div><div class=\"fg-item fg-type-image fg-idle\"><figure class=\"fg-item-inner\"><a href=\"https:\/\/mystic-desert-tours.com\/wp-content\/uploads\/2025\/09\/20221229-15h38m-DSC_5832-Kopie-scaled.jpg\" data-caption-desc=\"D\u00e9tail du temple d&#039;Hibis *\" data-attachment-id=\"1648\" data-type=\"image\" class=\"fg-thumb\"><span class=\"fg-image-wrap\"><img decoding=\"async\" width=\"150\" height=\"150\" class=\"skip-lazy fg-image\" data-src-fg=\"https:\/\/mystic-desert-tours.com\/wp-content\/uploads\/cache\/2025\/09\/20221229-15h38m-DSC_5832-Kopie-scaled\/693308161.jpg\" data-srcset-fg=\"https:\/\/mystic-desert-tours.com\/wp-content\/uploads\/cache\/2025\/09\/20221229-15h38m-DSC_5832-Kopie-scaled\/1333557913.jpg 4x\" src=\"data:image\/svg+xml,%3Csvg%20xmlns%3D%22http%3A%2F%2Fwww.w3.org%2F2000%2Fsvg%22%20width%3D%22150%22%20height%3D%22150%22%20viewBox%3D%220%200%20150%20150%22%3E%3C%2Fsvg%3E\" loading=\"eager\"><\/span><span class=\"fg-image-overlay\"><\/span><\/a><figcaption class=\"fg-caption\"><div class=\"fg-caption-inner\"><div class=\"fg-caption-desc\">D\u00e9tail du temple d'Hibis *<\/div><\/div><\/figcaption><\/figure><div class=\"fg-loader\"><\/div><\/div><div class=\"fg-item fg-type-image fg-idle\"><figure class=\"fg-item-inner\"><a href=\"https:\/\/mystic-desert-tours.com\/wp-content\/uploads\/2025\/09\/20221229-15h52m-DSC_5858-Kopie-scaled.jpg\" data-caption-desc=\"D\u00e9tail du temple d&#039;Hibis *\" data-attachment-id=\"1650\" data-type=\"image\" class=\"fg-thumb\"><span class=\"fg-image-wrap\"><img decoding=\"async\" width=\"150\" height=\"150\" class=\"skip-lazy fg-image\" data-src-fg=\"https:\/\/mystic-desert-tours.com\/wp-content\/uploads\/cache\/2025\/09\/20221229-15h52m-DSC_5858-Kopie-scaled\/1702880061.jpg\" data-srcset-fg=\"https:\/\/mystic-desert-tours.com\/wp-content\/uploads\/cache\/2025\/09\/20221229-15h52m-DSC_5858-Kopie-scaled\/55612069.jpg 4x\" src=\"data:image\/svg+xml,%3Csvg%20xmlns%3D%22http%3A%2F%2Fwww.w3.org%2F2000%2Fsvg%22%20width%3D%22150%22%20height%3D%22150%22%20viewBox%3D%220%200%20150%20150%22%3E%3C%2Fsvg%3E\" loading=\"eager\"><\/span><span class=\"fg-image-overlay\"><\/span><\/a><figcaption class=\"fg-caption\"><div class=\"fg-caption-inner\"><div class=\"fg-caption-desc\">D\u00e9tail du temple d'Hibis *<\/div><\/div><\/figcaption><\/figure><div class=\"fg-loader\"><\/div><\/div><div class=\"fg-item fg-type-image fg-idle\"><figure class=\"fg-item-inner\"><a href=\"https:\/\/mystic-desert-tours.com\/wp-content\/uploads\/2025\/09\/IMG_5929-scaled.jpg\" data-caption-desc=\"Temple d&#039;A\u00efn (\u00ab source \u00bb) Labakha\" data-attachment-id=\"1662\" data-type=\"image\" class=\"fg-thumb\"><span class=\"fg-image-wrap\"><img decoding=\"async\" width=\"150\" height=\"150\" class=\"skip-lazy fg-image\" data-src-fg=\"https:\/\/mystic-desert-tours.com\/wp-content\/uploads\/cache\/2025\/09\/IMG_5929-scaled\/1675681860.jpg\" data-srcset-fg=\"https:\/\/mystic-desert-tours.com\/wp-content\/uploads\/cache\/2025\/09\/IMG_5929-scaled\/4012301848.jpg 4x\" src=\"data:image\/svg+xml,%3Csvg%20xmlns%3D%22http%3A%2F%2Fwww.w3.org%2F2000%2Fsvg%22%20width%3D%22150%22%20height%3D%22150%22%20viewBox%3D%220%200%20150%20150%22%3E%3C%2Fsvg%3E\" loading=\"eager\"><\/span><span class=\"fg-image-overlay\"><\/span><\/a><figcaption class=\"fg-caption\"><div class=\"fg-caption-inner\"><div class=\"fg-caption-desc\">Temple d'A\u00efn (\u00ab source \u00bb) Labakha<\/div><\/div><\/figcaption><\/figure><div class=\"fg-loader\"><\/div><\/div><div class=\"fg-item fg-type-image fg-idle\"><figure class=\"fg-item-inner\"><a href=\"https:\/\/mystic-desert-tours.com\/wp-content\/uploads\/2025\/09\/DSC05143-scaled.jpg\" data-caption-desc=\"Temple d&#039;A\u00efn (\u00ab source \u00bb) Oum Dabadib\" data-attachment-id=\"1656\" data-type=\"image\" class=\"fg-thumb\"><span class=\"fg-image-wrap\"><img decoding=\"async\" width=\"150\" height=\"150\" class=\"skip-lazy fg-image\" data-src-fg=\"https:\/\/mystic-desert-tours.com\/wp-content\/uploads\/cache\/2025\/09\/DSC05143-scaled\/3920406112.jpg\" data-srcset-fg=\"https:\/\/mystic-desert-tours.com\/wp-content\/uploads\/cache\/2025\/09\/DSC05143-scaled\/1701484604.jpg 4x\" src=\"data:image\/svg+xml,%3Csvg%20xmlns%3D%22http%3A%2F%2Fwww.w3.org%2F2000%2Fsvg%22%20width%3D%22150%22%20height%3D%22150%22%20viewBox%3D%220%200%20150%20150%22%3E%3C%2Fsvg%3E\" loading=\"eager\"><\/span><span class=\"fg-image-overlay\"><\/span><\/a><figcaption class=\"fg-caption\"><div class=\"fg-caption-inner\"><div class=\"fg-caption-desc\">Temple d'A\u00efn (\u00ab source \u00bb) Oum Dabadib<\/div><\/div><\/figcaption><\/figure><div class=\"fg-loader\"><\/div><\/div><div class=\"fg-item fg-type-image fg-idle\"><figure class=\"fg-item-inner\"><a href=\"https:\/\/mystic-desert-tours.com\/wp-content\/uploads\/2025\/09\/IMG_5910-scaled.jpg\" data-caption-desc=\"Temple de Ghuweita\" data-attachment-id=\"1660\" data-type=\"image\" class=\"fg-thumb\"><span class=\"fg-image-wrap\"><img decoding=\"async\" width=\"150\" height=\"150\" class=\"skip-lazy fg-image\" data-src-fg=\"https:\/\/mystic-desert-tours.com\/wp-content\/uploads\/cache\/2025\/09\/IMG_5910-scaled\/4088752949.jpg\" data-srcset-fg=\"https:\/\/mystic-desert-tours.com\/wp-content\/uploads\/cache\/2025\/09\/IMG_5910-scaled\/2138264937.jpg 4x\" src=\"data:image\/svg+xml,%3Csvg%20xmlns%3D%22http%3A%2F%2Fwww.w3.org%2F2000%2Fsvg%22%20width%3D%22150%22%20height%3D%22150%22%20viewBox%3D%220%200%20150%20150%22%3E%3C%2Fsvg%3E\" loading=\"eager\"><\/span><span class=\"fg-image-overlay\"><\/span><\/a><figcaption class=\"fg-caption\"><div class=\"fg-caption-inner\"><div class=\"fg-caption-desc\">Temple de Ghuweita<\/div><\/div><\/figcaption><\/figure><div class=\"fg-loader\"><\/div><\/div><\/div>\n\n<p>&nbsp;<\/p>\n<p>* \u00a9 par <a href=\"https:\/\/wendl.ch\/\">Cyril Wendl<\/a><\/p>\n<p>&nbsp;<\/p>\n<p>&nbsp;<\/p>\n","protected":false},"excerpt":{"rendered":"<p>&nbsp; * \u00a9 par Cyril Wendl &nbsp; &nbsp;<\/p>\n","protected":false},"author":1,"featured_media":0,"parent":1559,"menu_order":0,"comment_status":"closed","ping_status":"closed","template":"","meta":{"footnotes":""},"class_list":["post-1540","page","type-page","status-publish","hentry"],"yoast_head":"<!-- This site is optimized with the Yoast SEO plugin v27.2 - https:\/\/yoast.com\/product\/yoast-seo-wordpress\/ -->\n<title>Oasis de Kharga - Mystic Desert Tours<\/title>\n<meta name=\"robots\" content=\"index, follow, max-snippet:-1, max-image-preview:large, max-video-preview:-1\" \/>\n<link rel=\"canonical\" href=\"https:\/\/mystic-desert-tours.com\/fr\/accueil\/galerie-de-photos\/oasis-de-kharga\/\" \/>\n<script type=\"application\/ld+json\" class=\"yoast-schema-graph\">{\"@context\":\"https:\/\/schema.org\",\"@graph\":[{\"@type\":\"WebPage\",\"@id\":\"https:\/\/mystic-desert-tours.com\/fr\/accueil\/galerie-de-photos\/oasis-de-kharga\/\",\"url\":\"https:\/\/mystic-desert-tours.com\/fr\/accueil\/galerie-de-photos\/oasis-de-kharga\/\",\"name\":\"Oasis de Kharga - Mystic Desert Tours\",\"isPartOf\":{\"@id\":\"https:\/\/mystic-desert-tours.com\/fr\/#website\"},\"datePublished\":\"2025-08-20T18:41:47+00:00\",\"dateModified\":\"2025-12-17T19:50:43+00:00\",\"breadcrumb\":{\"@id\":\"https:\/\/mystic-desert-tours.com\/fr\/accueil\/galerie-de-photos\/oasis-de-kharga\/#breadcrumb\"},\"inLanguage\":\"fr-FR\",\"potentialAction\":[{\"@type\":\"ReadAction\",\"target\":[\"https:\/\/mystic-desert-tours.com\/fr\/accueil\/galerie-de-photos\/oasis-de-kharga\/\"]}]},{\"@type\":\"BreadcrumbList\",\"@id\":\"https:\/\/mystic-desert-tours.com\/fr\/accueil\/galerie-de-photos\/oasis-de-kharga\/#breadcrumb\",\"itemListElement\":[{\"@type\":\"ListItem\",\"position\":1,\"name\":\"Startseite\",\"item\":\"https:\/\/mystic-desert-tours.com\/fr\/\"},{\"@type\":\"ListItem\",\"position\":2,\"name\":\"Accueil\",\"item\":\"https:\/\/mystic-desert-tours.com\/fr\/\"},{\"@type\":\"ListItem\",\"position\":3,\"name\":\"Galerie de photos\",\"item\":\"https:\/\/mystic-desert-tours.com\/fr\/accueil\/galerie-de-photos\/\"},{\"@type\":\"ListItem\",\"position\":4,\"name\":\"Oasis de Kharga\"}]},{\"@type\":\"WebSite\",\"@id\":\"https:\/\/mystic-desert-tours.com\/fr\/#website\",\"url\":\"https:\/\/mystic-desert-tours.com\/fr\/\",\"name\":\"Mystic Desert Tours\",\"description\":\"\",\"publisher\":{\"@id\":\"https:\/\/mystic-desert-tours.com\/fr\/#organization\"},\"potentialAction\":[{\"@type\":\"SearchAction\",\"target\":{\"@type\":\"EntryPoint\",\"urlTemplate\":\"https:\/\/mystic-desert-tours.com\/fr\/?s={search_term_string}\"},\"query-input\":{\"@type\":\"PropertyValueSpecification\",\"valueRequired\":true,\"valueName\":\"search_term_string\"}}],\"inLanguage\":\"fr-FR\"},{\"@type\":\"Organization\",\"@id\":\"https:\/\/mystic-desert-tours.com\/fr\/#organization\",\"name\":\"Mystic Desert Tours\",\"url\":\"https:\/\/mystic-desert-tours.com\/fr\/\",\"logo\":{\"@type\":\"ImageObject\",\"inLanguage\":\"fr-FR\",\"@id\":\"https:\/\/mystic-desert-tours.com\/fr\/#\/schema\/logo\/image\/\",\"url\":\"https:\/\/mystic-desert-tours.com\/wp-content\/uploads\/2025\/09\/cropped-mystic-desert-tours_logo_2-scaled-1.png\",\"contentUrl\":\"https:\/\/mystic-desert-tours.com\/wp-content\/uploads\/2025\/09\/cropped-mystic-desert-tours_logo_2-scaled-1.png\",\"width\":2560,\"height\":941,\"caption\":\"Mystic Desert Tours\"},\"image\":{\"@id\":\"https:\/\/mystic-desert-tours.com\/fr\/#\/schema\/logo\/image\/\"}}]}<\/script>\n<!-- \/ Yoast SEO plugin. -->","yoast_head_json":{"title":"Oasis de Kharga - Mystic Desert Tours","robots":{"index":"index","follow":"follow","max-snippet":"max-snippet:-1","max-image-preview":"max-image-preview:large","max-video-preview":"max-video-preview:-1"},"canonical":"https:\/\/mystic-desert-tours.com\/fr\/accueil\/galerie-de-photos\/oasis-de-kharga\/","schema":{"@context":"https:\/\/schema.org","@graph":[{"@type":"WebPage","@id":"https:\/\/mystic-desert-tours.com\/fr\/accueil\/galerie-de-photos\/oasis-de-kharga\/","url":"https:\/\/mystic-desert-tours.com\/fr\/accueil\/galerie-de-photos\/oasis-de-kharga\/","name":"Oasis de Kharga - Mystic Desert Tours","isPartOf":{"@id":"https:\/\/mystic-desert-tours.com\/fr\/#website"},"datePublished":"2025-08-20T18:41:47+00:00","dateModified":"2025-12-17T19:50:43+00:00","breadcrumb":{"@id":"https:\/\/mystic-desert-tours.com\/fr\/accueil\/galerie-de-photos\/oasis-de-kharga\/#breadcrumb"},"inLanguage":"fr-FR","potentialAction":[{"@type":"ReadAction","target":["https:\/\/mystic-desert-tours.com\/fr\/accueil\/galerie-de-photos\/oasis-de-kharga\/"]}]},{"@type":"BreadcrumbList","@id":"https:\/\/mystic-desert-tours.com\/fr\/accueil\/galerie-de-photos\/oasis-de-kharga\/#breadcrumb","itemListElement":[{"@type":"ListItem","position":1,"name":"Startseite","item":"https:\/\/mystic-desert-tours.com\/fr\/"},{"@type":"ListItem","position":2,"name":"Accueil","item":"https:\/\/mystic-desert-tours.com\/fr\/"},{"@type":"ListItem","position":3,"name":"Galerie de photos","item":"https:\/\/mystic-desert-tours.com\/fr\/accueil\/galerie-de-photos\/"},{"@type":"ListItem","position":4,"name":"Oasis de Kharga"}]},{"@type":"WebSite","@id":"https:\/\/mystic-desert-tours.com\/fr\/#website","url":"https:\/\/mystic-desert-tours.com\/fr\/","name":"Mystic Desert Tours","description":"","publisher":{"@id":"https:\/\/mystic-desert-tours.com\/fr\/#organization"},"potentialAction":[{"@type":"SearchAction","target":{"@type":"EntryPoint","urlTemplate":"https:\/\/mystic-desert-tours.com\/fr\/?s={search_term_string}"},"query-input":{"@type":"PropertyValueSpecification","valueRequired":true,"valueName":"search_term_string"}}],"inLanguage":"fr-FR"},{"@type":"Organization","@id":"https:\/\/mystic-desert-tours.com\/fr\/#organization","name":"Mystic Desert Tours","url":"https:\/\/mystic-desert-tours.com\/fr\/","logo":{"@type":"ImageObject","inLanguage":"fr-FR","@id":"https:\/\/mystic-desert-tours.com\/fr\/#\/schema\/logo\/image\/","url":"https:\/\/mystic-desert-tours.com\/wp-content\/uploads\/2025\/09\/cropped-mystic-desert-tours_logo_2-scaled-1.png","contentUrl":"https:\/\/mystic-desert-tours.com\/wp-content\/uploads\/2025\/09\/cropped-mystic-desert-tours_logo_2-scaled-1.png","width":2560,"height":941,"caption":"Mystic Desert Tours"},"image":{"@id":"https:\/\/mystic-desert-tours.com\/fr\/#\/schema\/logo\/image\/"}}]}},"_links":{"self":[{"href":"https:\/\/mystic-desert-tours.com\/fr\/wp-json\/wp\/v2\/pages\/1540","targetHints":{"allow":["GET"]}}],"collection":[{"href":"https:\/\/mystic-desert-tours.com\/fr\/wp-json\/wp\/v2\/pages"}],"about":[{"href":"https:\/\/mystic-desert-tours.com\/fr\/wp-json\/wp\/v2\/types\/page"}],"author":[{"embeddable":true,"href":"https:\/\/mystic-desert-tours.com\/fr\/wp-json\/wp\/v2\/users\/1"}],"replies":[{"embeddable":true,"href":"https:\/\/mystic-desert-tours.com\/fr\/wp-json\/wp\/v2\/comments?post=1540"}],"version-history":[{"count":1,"href":"https:\/\/mystic-desert-tours.com\/fr\/wp-json\/wp\/v2\/pages\/1540\/revisions"}],"predecessor-version":[{"id":1561,"href":"https:\/\/mystic-desert-tours.com\/fr\/wp-json\/wp\/v2\/pages\/1540\/revisions\/1561"}],"up":[{"embeddable":true,"href":"https:\/\/mystic-desert-tours.com\/fr\/wp-json\/wp\/v2\/pages\/1559"}],"wp:attachment":[{"href":"https:\/\/mystic-desert-tours.com\/fr\/wp-json\/wp\/v2\/media?parent=1540"}],"curies":[{"name":"wp","href":"https:\/\/api.w.org\/{rel}","templated":true}]}}