{"id":1559,"date":"2025-08-20T18:41:18","date_gmt":"2025-08-20T18:41:18","guid":{"rendered":"https:\/\/mystic-desert-tours.com\/galerie-de-photos\/"},"modified":"2026-01-22T18:41:16","modified_gmt":"2026-01-22T18:41:16","slug":"galerie-de-photos","status":"publish","type":"page","link":"https:\/\/mystic-desert-tours.com\/fr\/accueil\/galerie-de-photos\/","title":{"rendered":"Galerie de photos"},"content":{"rendered":"<p><a href=\"https:\/\/mystic-desert-tours.com\/fr\/accueil\/galerie-de-photos\/oasis-de-bahariya-avec-le-desert-noir\/\">Oasis de Bahariya avec le D\u00e9sert Noir<\/a><\/p>\n<p><a href=\"https:\/\/mystic-desert-tours.com\/fr\/accueil\/galerie-de-photos\/parc-national-du-desert-blanc\/\">Parc National du D\u00e9sert Blanc<\/a><\/p>\n<p><a href=\"https:\/\/mystic-desert-tours.com\/fr\/accueil\/galerie-de-photos\/region-de-bohur-mers-pres-de-loasis-de-bahariya\/\">R\u00e9gion de Bohur (\u00ab Mers \u00bb) \/ Pr\u00e8s de l\u2019Oasis de Bahariya<\/a><\/p>\n<p><a href=\"https:\/\/mystic-desert-tours.com\/fr\/accueil\/galerie-de-photos\/region-de-gebel-montagne-shawshaw-pres-de-loasis-de-dakhla\/\">R\u00e9gion de Gebel (\u00ab Montagne \u00bb) Shawshaw \/ Pr\u00e8s de l\u2019Oasis de Dakhla<\/a><\/p>\n<p><a href=\"https:\/\/mystic-desert-tours.com\/fr\/accueil\/galerie-de-photos\/oasis-de-dakhla\/\">Oasis de Dakhla<\/a><\/p>\n<p><a href=\"https:\/\/mystic-desert-tours.com\/fr\/accueil\/galerie-de-photos\/oasis-de-kharga\/\">Oasis de Kharga<\/a><\/p>\n<p><a href=\"https:\/\/mystic-desert-tours.com\/fr\/accueil\/galerie-de-photos\/oasis-de-siwa-et-grande-mer-de-sable\/\">Oasis de Siwa et Grande Mer de Sable<\/a><\/p>\n<p><a href=\"https:\/\/mystic-desert-tours.com\/fr\/accueil\/galerie-de-photos\/oasis-fayoum-avec-wadi-el-heitan-vallee-des-baleines\/\">Oasis Fayoum avec Wadi El Heitan (Vall\u00e9e des Baleines)<\/a><\/p>\n\n<figure class=\"wp-block-gallery has-nested-images columns-3 is-cropped wp-block-gallery-1 is-layout-flex wp-block-gallery-is-layout-flex\">\n<figure class=\"wp-block-image size-large\" style=\"margin-top:0;margin-bottom:0\"><img loading=\"lazy\" decoding=\"async\" width=\"1024\" height=\"768\" data-id=\"659\" src=\"https:\/\/mystic-desert-tours.com\/wp-content\/uploads\/2025\/09\/IMG_6779-1024x768.jpg\" alt=\"\" class=\"wp-image-659\" srcset=\"https:\/\/mystic-desert-tours.com\/wp-content\/uploads\/2025\/09\/IMG_6779-1024x768.jpg 1024w, https:\/\/mystic-desert-tours.com\/wp-content\/uploads\/2025\/09\/IMG_6779-300x225.jpg 300w, https:\/\/mystic-desert-tours.com\/wp-content\/uploads\/2025\/09\/IMG_6779-768x576.jpg 768w, https:\/\/mystic-desert-tours.com\/wp-content\/uploads\/2025\/09\/IMG_6779-1536x1152.jpg 1536w, https:\/\/mystic-desert-tours.com\/wp-content\/uploads\/2025\/09\/IMG_6779-2048x1536.jpg 2048w, https:\/\/mystic-desert-tours.com\/wp-content\/uploads\/2025\/09\/IMG_6779-1140x855.jpg 1140w\" sizes=\"auto, (max-width: 1024px) 100vw, 1024px\" \/><\/figure>\n\n\n\n<figure class=\"wp-block-image size-large\"><img loading=\"lazy\" decoding=\"async\" width=\"768\" height=\"1024\" data-id=\"711\" src=\"https:\/\/mystic-desert-tours.com\/wp-content\/uploads\/2025\/09\/IMG_0710-768x1024.jpg\" alt=\"\" class=\"wp-image-711\" srcset=\"https:\/\/mystic-desert-tours.com\/wp-content\/uploads\/2025\/09\/IMG_0710-768x1024.jpg 768w, https:\/\/mystic-desert-tours.com\/wp-content\/uploads\/2025\/09\/IMG_0710-225x300.jpg 225w, https:\/\/mystic-desert-tours.com\/wp-content\/uploads\/2025\/09\/IMG_0710-1152x1536.jpg 1152w, https:\/\/mystic-desert-tours.com\/wp-content\/uploads\/2025\/09\/IMG_0710-1536x2048.jpg 1536w, https:\/\/mystic-desert-tours.com\/wp-content\/uploads\/2025\/09\/IMG_0710-1140x1520.jpg 1140w, https:\/\/mystic-desert-tours.com\/wp-content\/uploads\/2025\/09\/IMG_0710-scaled.jpg 1920w\" sizes=\"auto, (max-width: 768px) 100vw, 768px\" \/><\/figure>\n\n\n\n<figure class=\"wp-block-image size-large\"><img loading=\"lazy\" decoding=\"async\" width=\"1024\" height=\"768\" data-id=\"645\" src=\"https:\/\/mystic-desert-tours.com\/wp-content\/uploads\/2025\/09\/IMG_0086-1024x768.jpg\" alt=\"\" class=\"wp-image-645\" srcset=\"https:\/\/mystic-desert-tours.com\/wp-content\/uploads\/2025\/09\/IMG_0086-1024x768.jpg 1024w, https:\/\/mystic-desert-tours.com\/wp-content\/uploads\/2025\/09\/IMG_0086-300x225.jpg 300w, https:\/\/mystic-desert-tours.com\/wp-content\/uploads\/2025\/09\/IMG_0086-768x576.jpg 768w, https:\/\/mystic-desert-tours.com\/wp-content\/uploads\/2025\/09\/IMG_0086-1536x1152.jpg 1536w, https:\/\/mystic-desert-tours.com\/wp-content\/uploads\/2025\/09\/IMG_0086-2048x1536.jpg 2048w, https:\/\/mystic-desert-tours.com\/wp-content\/uploads\/2025\/09\/IMG_0086-1140x855.jpg 1140w\" sizes=\"auto, (max-width: 1024px) 100vw, 1024px\" \/><\/figure>\n<\/figure>\n<div class=\"wp-block-image\">\n<figure class=\"aligncenter size-full\"><img loading=\"lazy\" decoding=\"async\" width=\"512\" height=\"512\" src=\"https:\/\/mystic-desert-tours.com\/wp-content\/uploads\/2025\/09\/cropped-mystic-desert-tours_logo_2-scaled-2.png\" alt=\"\" class=\"wp-image-911\" srcset=\"https:\/\/mystic-desert-tours.com\/wp-content\/uploads\/2025\/09\/cropped-mystic-desert-tours_logo_2-scaled-2.png 512w, https:\/\/mystic-desert-tours.com\/wp-content\/uploads\/2025\/09\/cropped-mystic-desert-tours_logo_2-scaled-2-300x300.png 300w, https:\/\/mystic-desert-tours.com\/wp-content\/uploads\/2025\/09\/cropped-mystic-desert-tours_logo_2-scaled-2-150x150.png 150w, https:\/\/mystic-desert-tours.com\/wp-content\/uploads\/2025\/09\/cropped-mystic-desert-tours_logo_2-scaled-2-75x75.png 75w, https:\/\/mystic-desert-tours.com\/wp-content\/uploads\/2025\/09\/cropped-mystic-desert-tours_logo_2-scaled-2-270x270.png 270w, https:\/\/mystic-desert-tours.com\/wp-content\/uploads\/2025\/09\/cropped-mystic-desert-tours_logo_2-scaled-2-192x192.png 192w, https:\/\/mystic-desert-tours.com\/wp-content\/uploads\/2025\/09\/cropped-mystic-desert-tours_logo_2-scaled-2-180x180.png 180w, https:\/\/mystic-desert-tours.com\/wp-content\/uploads\/2025\/09\/cropped-mystic-desert-tours_logo_2-scaled-2-32x32.png 32w\" sizes=\"auto, (max-width: 512px) 100vw, 512px\" \/><\/figure>\n<\/div>","protected":false},"excerpt":{"rendered":"<p>Oasis de Bahariya avec le D\u00e9sert Noir Parc National du D\u00e9sert Blanc R\u00e9gion de Bohur (\u00ab Mers \u00bb) \/ Pr\u00e8s de l\u2019Oasis de Bahariya R\u00e9gion de Gebel (\u00ab Montagne \u00bb) Shawshaw \/ Pr\u00e8s de l\u2019Oasis de Dakhla Oasis de Dakhla Oasis de Kharga Oasis de Siwa et Grande Mer de Sable Oasis Fayoum avec Wadi El Heitan (Vall\u00e9e des Baleines)<\/p>\n","protected":false},"author":1,"featured_media":0,"parent":1610,"menu_order":0,"comment_status":"closed","ping_status":"closed","template":"","meta":{"footnotes":""},"class_list":["post-1559","page","type-page","status-publish","hentry"],"yoast_head":"<!-- This site is optimized with the Yoast SEO plugin v27.2 - https:\/\/yoast.com\/product\/yoast-seo-wordpress\/ -->\n<title>Galerie de photos - Mystic Desert Tours<\/title>\n<meta name=\"robots\" content=\"index, follow, max-snippet:-1, max-image-preview:large, max-video-preview:-1\" \/>\n<link rel=\"canonical\" href=\"https:\/\/mystic-desert-tours.com\/fr\/accueil\/galerie-de-photos\/\" \/>\n<script type=\"application\/ld+json\" class=\"yoast-schema-graph\">{\"@context\":\"https:\/\/schema.org\",\"@graph\":[{\"@type\":\"WebPage\",\"@id\":\"https:\/\/mystic-desert-tours.com\/fr\/accueil\/galerie-de-photos\/\",\"url\":\"https:\/\/mystic-desert-tours.com\/fr\/accueil\/galerie-de-photos\/\",\"name\":\"Galerie de photos - Mystic Desert Tours\",\"isPartOf\":{\"@id\":\"https:\/\/mystic-desert-tours.com\/fr\/#website\"},\"primaryImageOfPage\":{\"@id\":\"https:\/\/mystic-desert-tours.com\/fr\/accueil\/galerie-de-photos\/#primaryimage\"},\"image\":{\"@id\":\"https:\/\/mystic-desert-tours.com\/fr\/accueil\/galerie-de-photos\/#primaryimage\"},\"thumbnailUrl\":\"https:\/\/mystic-desert-tours.com\/wp-content\/uploads\/2025\/09\/IMG_6779-1024x768.jpg\",\"datePublished\":\"2025-08-20T18:41:18+00:00\",\"dateModified\":\"2026-01-22T18:41:16+00:00\",\"breadcrumb\":{\"@id\":\"https:\/\/mystic-desert-tours.com\/fr\/accueil\/galerie-de-photos\/#breadcrumb\"},\"inLanguage\":\"fr-FR\",\"potentialAction\":[{\"@type\":\"ReadAction\",\"target\":[\"https:\/\/mystic-desert-tours.com\/fr\/accueil\/galerie-de-photos\/\"]}]},{\"@type\":\"ImageObject\",\"inLanguage\":\"fr-FR\",\"@id\":\"https:\/\/mystic-desert-tours.com\/fr\/accueil\/galerie-de-photos\/#primaryimage\",\"url\":\"https:\/\/mystic-desert-tours.com\/wp-content\/uploads\/2025\/09\/IMG_6779-1024x768.jpg\",\"contentUrl\":\"https:\/\/mystic-desert-tours.com\/wp-content\/uploads\/2025\/09\/IMG_6779-1024x768.jpg\"},{\"@type\":\"BreadcrumbList\",\"@id\":\"https:\/\/mystic-desert-tours.com\/fr\/accueil\/galerie-de-photos\/#breadcrumb\",\"itemListElement\":[{\"@type\":\"ListItem\",\"position\":1,\"name\":\"Startseite\",\"item\":\"https:\/\/mystic-desert-tours.com\/fr\/\"},{\"@type\":\"ListItem\",\"position\":2,\"name\":\"Accueil\",\"item\":\"https:\/\/mystic-desert-tours.com\/fr\/\"},{\"@type\":\"ListItem\",\"position\":3,\"name\":\"Galerie de photos\"}]},{\"@type\":\"WebSite\",\"@id\":\"https:\/\/mystic-desert-tours.com\/fr\/#website\",\"url\":\"https:\/\/mystic-desert-tours.com\/fr\/\",\"name\":\"Mystic Desert Tours\",\"description\":\"\",\"publisher\":{\"@id\":\"https:\/\/mystic-desert-tours.com\/fr\/#organization\"},\"potentialAction\":[{\"@type\":\"SearchAction\",\"target\":{\"@type\":\"EntryPoint\",\"urlTemplate\":\"https:\/\/mystic-desert-tours.com\/fr\/?s={search_term_string}\"},\"query-input\":{\"@type\":\"PropertyValueSpecification\",\"valueRequired\":true,\"valueName\":\"search_term_string\"}}],\"inLanguage\":\"fr-FR\"},{\"@type\":\"Organization\",\"@id\":\"https:\/\/mystic-desert-tours.com\/fr\/#organization\",\"name\":\"Mystic Desert Tours\",\"url\":\"https:\/\/mystic-desert-tours.com\/fr\/\",\"logo\":{\"@type\":\"ImageObject\",\"inLanguage\":\"fr-FR\",\"@id\":\"https:\/\/mystic-desert-tours.com\/fr\/#\/schema\/logo\/image\/\",\"url\":\"https:\/\/mystic-desert-tours.com\/wp-content\/uploads\/2025\/09\/cropped-mystic-desert-tours_logo_2-scaled-1.png\",\"contentUrl\":\"https:\/\/mystic-desert-tours.com\/wp-content\/uploads\/2025\/09\/cropped-mystic-desert-tours_logo_2-scaled-1.png\",\"width\":2560,\"height\":941,\"caption\":\"Mystic Desert Tours\"},\"image\":{\"@id\":\"https:\/\/mystic-desert-tours.com\/fr\/#\/schema\/logo\/image\/\"}}]}<\/script>\n<!-- \/ Yoast SEO plugin. -->","yoast_head_json":{"title":"Galerie de photos - Mystic Desert Tours","robots":{"index":"index","follow":"follow","max-snippet":"max-snippet:-1","max-image-preview":"max-image-preview:large","max-video-preview":"max-video-preview:-1"},"canonical":"https:\/\/mystic-desert-tours.com\/fr\/accueil\/galerie-de-photos\/","schema":{"@context":"https:\/\/schema.org","@graph":[{"@type":"WebPage","@id":"https:\/\/mystic-desert-tours.com\/fr\/accueil\/galerie-de-photos\/","url":"https:\/\/mystic-desert-tours.com\/fr\/accueil\/galerie-de-photos\/","name":"Galerie de photos - Mystic Desert Tours","isPartOf":{"@id":"https:\/\/mystic-desert-tours.com\/fr\/#website"},"primaryImageOfPage":{"@id":"https:\/\/mystic-desert-tours.com\/fr\/accueil\/galerie-de-photos\/#primaryimage"},"image":{"@id":"https:\/\/mystic-desert-tours.com\/fr\/accueil\/galerie-de-photos\/#primaryimage"},"thumbnailUrl":"https:\/\/mystic-desert-tours.com\/wp-content\/uploads\/2025\/09\/IMG_6779-1024x768.jpg","datePublished":"2025-08-20T18:41:18+00:00","dateModified":"2026-01-22T18:41:16+00:00","breadcrumb":{"@id":"https:\/\/mystic-desert-tours.com\/fr\/accueil\/galerie-de-photos\/#breadcrumb"},"inLanguage":"fr-FR","potentialAction":[{"@type":"ReadAction","target":["https:\/\/mystic-desert-tours.com\/fr\/accueil\/galerie-de-photos\/"]}]},{"@type":"ImageObject","inLanguage":"fr-FR","@id":"https:\/\/mystic-desert-tours.com\/fr\/accueil\/galerie-de-photos\/#primaryimage","url":"https:\/\/mystic-desert-tours.com\/wp-content\/uploads\/2025\/09\/IMG_6779-1024x768.jpg","contentUrl":"https:\/\/mystic-desert-tours.com\/wp-content\/uploads\/2025\/09\/IMG_6779-1024x768.jpg"},{"@type":"BreadcrumbList","@id":"https:\/\/mystic-desert-tours.com\/fr\/accueil\/galerie-de-photos\/#breadcrumb","itemListElement":[{"@type":"ListItem","position":1,"name":"Startseite","item":"https:\/\/mystic-desert-tours.com\/fr\/"},{"@type":"ListItem","position":2,"name":"Accueil","item":"https:\/\/mystic-desert-tours.com\/fr\/"},{"@type":"ListItem","position":3,"name":"Galerie de photos"}]},{"@type":"WebSite","@id":"https:\/\/mystic-desert-tours.com\/fr\/#website","url":"https:\/\/mystic-desert-tours.com\/fr\/","name":"Mystic Desert Tours","description":"","publisher":{"@id":"https:\/\/mystic-desert-tours.com\/fr\/#organization"},"potentialAction":[{"@type":"SearchAction","target":{"@type":"EntryPoint","urlTemplate":"https:\/\/mystic-desert-tours.com\/fr\/?s={search_term_string}"},"query-input":{"@type":"PropertyValueSpecification","valueRequired":true,"valueName":"search_term_string"}}],"inLanguage":"fr-FR"},{"@type":"Organization","@id":"https:\/\/mystic-desert-tours.com\/fr\/#organization","name":"Mystic Desert Tours","url":"https:\/\/mystic-desert-tours.com\/fr\/","logo":{"@type":"ImageObject","inLanguage":"fr-FR","@id":"https:\/\/mystic-desert-tours.com\/fr\/#\/schema\/logo\/image\/","url":"https:\/\/mystic-desert-tours.com\/wp-content\/uploads\/2025\/09\/cropped-mystic-desert-tours_logo_2-scaled-1.png","contentUrl":"https:\/\/mystic-desert-tours.com\/wp-content\/uploads\/2025\/09\/cropped-mystic-desert-tours_logo_2-scaled-1.png","width":2560,"height":941,"caption":"Mystic Desert Tours"},"image":{"@id":"https:\/\/mystic-desert-tours.com\/fr\/#\/schema\/logo\/image\/"}}]}},"_links":{"self":[{"href":"https:\/\/mystic-desert-tours.com\/fr\/wp-json\/wp\/v2\/pages\/1559","targetHints":{"allow":["GET"]}}],"collection":[{"href":"https:\/\/mystic-desert-tours.com\/fr\/wp-json\/wp\/v2\/pages"}],"about":[{"href":"https:\/\/mystic-desert-tours.com\/fr\/wp-json\/wp\/v2\/types\/page"}],"author":[{"embeddable":true,"href":"https:\/\/mystic-desert-tours.com\/fr\/wp-json\/wp\/v2\/users\/1"}],"replies":[{"embeddable":true,"href":"https:\/\/mystic-desert-tours.com\/fr\/wp-json\/wp\/v2\/comments?post=1559"}],"version-history":[{"count":5,"href":"https:\/\/mystic-desert-tours.com\/fr\/wp-json\/wp\/v2\/pages\/1559\/revisions"}],"predecessor-version":[{"id":1816,"href":"https:\/\/mystic-desert-tours.com\/fr\/wp-json\/wp\/v2\/pages\/1559\/revisions\/1816"}],"up":[{"embeddable":true,"href":"https:\/\/mystic-desert-tours.com\/fr\/wp-json\/wp\/v2\/pages\/1610"}],"wp:attachment":[{"href":"https:\/\/mystic-desert-tours.com\/fr\/wp-json\/wp\/v2\/media?parent=1559"}],"curies":[{"name":"wp","href":"https:\/\/api.w.org\/{rel}","templated":true}]}}