{"id":1610,"date":"2025-08-18T15:19:21","date_gmt":"2025-08-18T15:19:21","guid":{"rendered":"https:\/\/mystic-desert-tours.com\/accueil\/"},"modified":"2026-01-22T18:18:55","modified_gmt":"2026-01-22T18:18:55","slug":"accueil","status":"publish","type":"page","link":"https:\/\/mystic-desert-tours.com\/fr\/","title":{"rendered":"Accueil"},"content":{"rendered":"\n<script type=\"text\/javascript\">\r\ndocument.addEventListener(\"DOMContentLoaded\", function(event) { \r\n\tjQuery( '#slider-pro-3-1534' ).sliderPro({\r\n\t\t\/\/width\r\n\t\t\t\twidth: 1000,\r\n\t\t\t\t\r\n\t\t\/\/height\r\n\t\t\t\theight: 600,\r\n\t\t\t\t\r\n\t\t\/\/auto play\r\n\t\t\t\tautoplay:  true,\r\n\t\tautoplayOnHover: 'none',\r\n\t\t\t\t\t\t\t\tautoplayDelay: 5000,\r\n\t\t\r\n\t\t\r\n\t\tarrows: true,\r\n\t\tbuttons: true,\r\n\t\tsmallSize: 500,\r\n\t\tmediumSize: 1000,\r\n\t\tlargeSize: 3000,\r\n\t\tfade: true,\r\n\t\t\r\n\t\t\/\/thumbnail\r\n\t\tthumbnailArrows: true,\r\n\t\tthumbnailWidth: 120,\r\n\t\tthumbnailHeight: 120,\r\n\t\t\t\t\t\tthumbnailsPosition: 'bottom',\r\n\t\t\t\t\t\tcenterImage: true,\r\n\t\timageScaleMode: 'cover',\r\n\t\tallowScaleUp: true,\r\n\t\t\t\tstartSlide: 0,\r\n\t\tloop: true,\r\n\t\tslideDistance: 5,\r\n\t\tautoplayDirection: 'normal',\r\n\t\ttouchSwipe: true,\r\n\t\tfullScreen: true,\r\n\t});\r\n});\r\n<\/script>\r\n\r\n<div id=\"uris-slider-title\">\r\n\t<h3 class=\"uris-slider-post-title\"><\/h3>\r\n<\/div>\r\n\t\t<div id=\"slider-pro-3-1534\" class=\"slider-pro\">\r\n\t\t\t<!---- slides div start ---->\r\n\t\t\t<div class=\"sp-slides\">\r\n\t\t\t\t\t\t\t\t\t\t<div class=\"sp-slide\">\r\n\t\t\t\t\t\t\t<img decoding=\"async\" class=\"sp-image\" loading=\"lazy\" alt=\"Les traces dans le d\u00e9sert\" src=\"https:\/\/mystic-desert-tours.com\/wp-content\/plugins\/ultimate-responsive-image-slider\/assets\/css\/images\/blank.gif\" data-src=\"https:\/\/mystic-desert-tours.com\/wp-content\/uploads\/2025\/09\/DSC04866-scaled.jpg\" \/>\r\n\r\n\t\t\t\t\t\t\t\t\t\t\t\t\t\t<p class=\"sp-layer sp-white sp-padding title-in title-in-bg hide-small-screen\"\r\n\t\t\t\t\t\t\t\tdata-position=\"bottomCenter\"\r\n\t\t\t\t\t\t\t\tdata-vertical=\"12%\"\r\n\t\t\t\t\t\t\t\tdata-show-transition=\"left\" data-show-delay=\"500\">\r\n\t\t\t\t\t\t\t\tLes traces dans le d\u00e9sert\t\t\t\t\t\t\t<\/p>\r\n\t\t\t\t\t\t\t\r\n\t\t\t\t\t\t\t\t\t\t\t\t\t<\/div>\r\n\t\t\t\t\t\t\t\t\t\t\t\t<div class=\"sp-slide\">\r\n\t\t\t\t\t\t\t<img decoding=\"async\" class=\"sp-image\" loading=\"lazy\" alt=\"Une \u00e9tendue infinie\" src=\"https:\/\/mystic-desert-tours.com\/wp-content\/plugins\/ultimate-responsive-image-slider\/assets\/css\/images\/blank.gif\" data-src=\"https:\/\/mystic-desert-tours.com\/wp-content\/uploads\/2025\/09\/DSC04901-scaled.jpg\" \/>\r\n\r\n\t\t\t\t\t\t\t\t\t\t\t\t\t\t<p class=\"sp-layer sp-white sp-padding title-in title-in-bg hide-small-screen\"\r\n\t\t\t\t\t\t\t\tdata-position=\"bottomCenter\"\r\n\t\t\t\t\t\t\t\tdata-vertical=\"12%\"\r\n\t\t\t\t\t\t\t\tdata-show-transition=\"left\" data-show-delay=\"500\">\r\n\t\t\t\t\t\t\t\tUne \u00e9tendue infinie\t\t\t\t\t\t\t<\/p>\r\n\t\t\t\t\t\t\t\r\n\t\t\t\t\t\t\t\t\t\t\t\t\t<\/div>\r\n\t\t\t\t\t\t\t\t\t\t\t\t<div class=\"sp-slide\">\r\n\t\t\t\t\t\t\t<img decoding=\"async\" class=\"sp-image\" loading=\"lazy\" alt=\"Paysages magiques\" src=\"https:\/\/mystic-desert-tours.com\/wp-content\/plugins\/ultimate-responsive-image-slider\/assets\/css\/images\/blank.gif\" data-src=\"https:\/\/mystic-desert-tours.com\/wp-content\/uploads\/2025\/08\/page9-1035-full.jpg\" \/>\r\n\r\n\t\t\t\t\t\t\t\t\t\t\t\t\t\t<p class=\"sp-layer sp-white sp-padding title-in title-in-bg hide-small-screen\"\r\n\t\t\t\t\t\t\t\tdata-position=\"bottomCenter\"\r\n\t\t\t\t\t\t\t\tdata-vertical=\"12%\"\r\n\t\t\t\t\t\t\t\tdata-show-transition=\"left\" data-show-delay=\"500\">\r\n\t\t\t\t\t\t\t\tPaysages magiques\t\t\t\t\t\t\t<\/p>\r\n\t\t\t\t\t\t\t\r\n\t\t\t\t\t\t\t\t\t\t\t\t\t<\/div>\r\n\t\t\t\t\t\t\t\t\t\t\t\t<div class=\"sp-slide\">\r\n\t\t\t\t\t\t\t<img decoding=\"async\" class=\"sp-image\" loading=\"lazy\" alt=\"Palmeraies\" src=\"https:\/\/mystic-desert-tours.com\/wp-content\/plugins\/ultimate-responsive-image-slider\/assets\/css\/images\/blank.gif\" data-src=\"https:\/\/mystic-desert-tours.com\/wp-content\/uploads\/2025\/09\/PalmenWebsite-Kopie-scaled.jpg\" \/>\r\n\r\n\t\t\t\t\t\t\t\t\t\t\t\t\t\t<p class=\"sp-layer sp-white sp-padding title-in title-in-bg hide-small-screen\"\r\n\t\t\t\t\t\t\t\tdata-position=\"bottomCenter\"\r\n\t\t\t\t\t\t\t\tdata-vertical=\"12%\"\r\n\t\t\t\t\t\t\t\tdata-show-transition=\"left\" data-show-delay=\"500\">\r\n\t\t\t\t\t\t\t\tPalmeraies\t\t\t\t\t\t\t<\/p>\r\n\t\t\t\t\t\t\t\r\n\t\t\t\t\t\t\t\t\t\t\t\t\t<\/div>\r\n\t\t\t\t\t\t\t\t\t\t\t\t<div class=\"sp-slide\">\r\n\t\t\t\t\t\t\t<img decoding=\"async\" class=\"sp-image\" loading=\"lazy\" alt=\"Les Toyota en action\" src=\"https:\/\/mystic-desert-tours.com\/wp-content\/plugins\/ultimate-responsive-image-slider\/assets\/css\/images\/blank.gif\" data-src=\"https:\/\/mystic-desert-tours.com\/wp-content\/uploads\/2025\/09\/IMG_6603-scaled.jpg\" \/>\r\n\r\n\t\t\t\t\t\t\t\t\t\t\t\t\t\t<p class=\"sp-layer sp-white sp-padding title-in title-in-bg hide-small-screen\"\r\n\t\t\t\t\t\t\t\tdata-position=\"bottomCenter\"\r\n\t\t\t\t\t\t\t\tdata-vertical=\"12%\"\r\n\t\t\t\t\t\t\t\tdata-show-transition=\"left\" data-show-delay=\"500\">\r\n\t\t\t\t\t\t\t\tLes Toyota en action\t\t\t\t\t\t\t<\/p>\r\n\t\t\t\t\t\t\t\r\n\t\t\t\t\t\t\t\t\t\t\t\t\t<\/div>\r\n\t\t\t\t\t\t\t\t\t\t\t\t<div class=\"sp-slide\">\r\n\t\t\t\t\t\t\t<img decoding=\"async\" class=\"sp-image\" loading=\"lazy\" alt=\"Trekking \u00e0 dos de chameau et\/ou \u00e0 pied\" src=\"https:\/\/mystic-desert-tours.com\/wp-content\/plugins\/ultimate-responsive-image-slider\/assets\/css\/images\/blank.gif\" data-src=\"https:\/\/mystic-desert-tours.com\/wp-content\/uploads\/2025\/09\/signal-2024-04-20-205942_01.jpg\" \/>\r\n\r\n\t\t\t\t\t\t\t\t\t\t\t\t\t\t<p class=\"sp-layer sp-white sp-padding title-in title-in-bg hide-small-screen\"\r\n\t\t\t\t\t\t\t\tdata-position=\"bottomCenter\"\r\n\t\t\t\t\t\t\t\tdata-vertical=\"12%\"\r\n\t\t\t\t\t\t\t\tdata-show-transition=\"left\" data-show-delay=\"500\">\r\n\t\t\t\t\t\t\t\tTrekking \u00e0 dos de chameau et\/ou \u00e0 pied\t\t\t\t\t\t\t<\/p>\r\n\t\t\t\t\t\t\t\r\n\t\t\t\t\t\t\t\t\t\t\t\t\t<\/div>\r\n\t\t\t\t\t\t\t\t\t<\/div>\r\n\t\t\t\r\n\t\t\t<!---- slides div end ---->\r\n\t\t\t\t\t\t<!-- slides thumbnails div end -->\r\n\t\t<\/div>\r\n\t\t<style>\r\n\/* Layout 3 *\/\r\n\/* border *\/\r\n#slider-pro-3-1534 .sp-selected-thumbnail {\r\n\tborder: 4px solid #000000;\r\n}\r\n\r\n\/* font + color *\/\r\n.title-in  {\r\n\tfont-family: Open Sans !important;\r\n\tcolor: #FFFFFF !important;\r\n\tbackground-color: #333333 !important;\r\n\topacity: 0.7 !important;\r\n}\r\n.desc-in  {\r\n\tfont-family: Open Sans !important;\r\n\tcolor: #ffffff !important;\r\n\tbackground-color: #000000 !important;\r\n\topacity: 0.7 !important;\r\n}\r\n\r\n\/* bullets color *\/\r\n.sp-button  {\r\n\tborder: 2px solid #000000 !important;\r\n}\r\n.sp-selected-button  {\r\n\tbackground-color: #000000 !important;\r\n}\r\n\r\n\/* pointer color - bottom *\/\r\n.sp-selected-thumbnail::before {\r\n\tborder-bottom: 5px solid #000000 !important;\r\n}\r\n.sp-selected-thumbnail::after {\r\n\tborder-bottom: 13px solid #000000 !important;\r\n}\r\n\r\n\/* pointer color - top *\/\r\n\r\n\/* full screen icon *\/\r\n.sp-full-screen-button::before {\r\n    color: #FFFFFF !important;\r\n}\r\n\r\n\/* hover navigation icon color *\/\r\n.sp-next-arrow::after, .sp-next-arrow::before {\r\n\tbackground-color: #FFFFFF !important;\r\n}\r\n.sp-previous-arrow::after, .sp-previous-arrow::before {\r\n\tbackground-color: #FFFFFF !important;\r\n}\r\n\r\n#slider-pro-3-1534 .title-in {\r\n\tcolor: #FFFFFF !important;\r\n\tfont-weight: bolder;\r\n\ttext-align: center;\r\n}\r\n\r\n#slider-pro-3-1534 .title-in-bg {\r\n\tbackground: rgba(255, 255, 255, 0.7); !important;\r\n\twhite-space: unset !important;\r\n\ttransform: initial !important;\r\n\t-webkit-transform: initial !important;\r\n\tfont-size: 14px !important;\r\n}\r\n\r\n#slider-pro-3-1534 .desc-in {\r\n\tcolor: #ffffff !important;\r\n\ttext-align: center;\r\n}\r\n#slider-pro-3-1534 .desc-in-bg {\r\n\tbackground: rgba(#000000, 0.7) !important;\r\n\twhite-space: unset !important;\r\n\ttransform: initial !important;\r\n\t-webkit-transform: initial !important;\r\n\tfont-size: 13px !important;\r\n}\r\n\r\n@media (max-width: 640px) {\r\n\t#slider-pro-3-1534 .hide-small-screen {\r\n\t\tdisplay: none;\r\n\t}\r\n}\r\n\r\n@media (max-width: 860px) {\r\n\t#slider-pro-3-1534 .sp-layer {\r\n\t\tfont-size: 18px;\r\n\t}\r\n\t\r\n\t#slider-pro-3-1534 .hide-medium-screen {\r\n\t\tdisplay: none;\r\n\t}\r\n}\r\n.slides-not-found {\r\n\tbackground-color: #a92929;\r\n\tborder-radius: 5px;\r\n\tcolor: #fff;\r\n\tfont-family: initial;\r\n\ttext-align: center;\r\n\tpadding:12px;\r\n}\r\n\/* Custom CSS *\/\r\n<\/style>\r\n\n\n\n\n<p>Avec MYSTIC DESERT TOURS, d\u00e9couvrez des \u00e9tendues infinies, des paysages de dunes fascinants, des formations calcaires impressionnantes, la culture et les habitants des oasis, en voyageant \u00e0 bord de Land Cruisers en parfait \u00e9tat, ainsi qu\u2019\u00e0 dos de chameau et\/ou \u00e0 pied !<\/p>\n\n\n\n<p>Nous organisons votre circuit dans le d\u00e9sert\/les oasis d\u2019\u00c9gypte de A \u00e0 Z. D\u00e9couvrez nos possibilit\u00e9s de personnalisation pour votre voyage inoubliable sous <a href=\"https:\/\/mystic-desert-tours.com\/fr\/accueil\/offres-de-voyage\/\">offres de voyage<\/a>.<\/p>\n\n\n\n<hr class=\"wp-block-separator has-alpha-channel-opacity\"\/>\n\n\n\n<div class=\"wp-block-group is-nowrap is-layout-flex wp-container-core-group-is-layout-6c531013 wp-block-group-is-layout-flex\">\n<h2 class=\"wp-block-heading\">Actualit\u00e9s<\/h2>\n\n\n\n<p><\/p>\n<\/div>\n\n\n<ul class=\"wp-block-latest-posts__list wp-block-latest-posts\"><li><a class=\"wp-block-latest-posts__post-title\" href=\"https:\/\/mystic-desert-tours.com\/fr\/voyages-en-egypte-apres-le-printemps-arabe-de-2011\/\">Voyages en \u00c9gypte apr\u00e8s le printemps arabe de 2011<\/a><\/li>\n<\/ul>\n\n<div class=\"wp-block-image\">\n<figure class=\"aligncenter size-full\"><img loading=\"lazy\" decoding=\"async\" width=\"512\" height=\"512\" src=\"https:\/\/mystic-desert-tours.com\/wp-content\/uploads\/2025\/09\/cropped-mystic-desert-tours_logo_2-scaled-2.png\" alt=\"\" class=\"wp-image-911\" srcset=\"https:\/\/mystic-desert-tours.com\/wp-content\/uploads\/2025\/09\/cropped-mystic-desert-tours_logo_2-scaled-2.png 512w, https:\/\/mystic-desert-tours.com\/wp-content\/uploads\/2025\/09\/cropped-mystic-desert-tours_logo_2-scaled-2-300x300.png 300w, https:\/\/mystic-desert-tours.com\/wp-content\/uploads\/2025\/09\/cropped-mystic-desert-tours_logo_2-scaled-2-150x150.png 150w, https:\/\/mystic-desert-tours.com\/wp-content\/uploads\/2025\/09\/cropped-mystic-desert-tours_logo_2-scaled-2-75x75.png 75w, https:\/\/mystic-desert-tours.com\/wp-content\/uploads\/2025\/09\/cropped-mystic-desert-tours_logo_2-scaled-2-270x270.png 270w, https:\/\/mystic-desert-tours.com\/wp-content\/uploads\/2025\/09\/cropped-mystic-desert-tours_logo_2-scaled-2-192x192.png 192w, https:\/\/mystic-desert-tours.com\/wp-content\/uploads\/2025\/09\/cropped-mystic-desert-tours_logo_2-scaled-2-180x180.png 180w, https:\/\/mystic-desert-tours.com\/wp-content\/uploads\/2025\/09\/cropped-mystic-desert-tours_logo_2-scaled-2-32x32.png 32w\" sizes=\"auto, (max-width: 512px) 100vw, 512px\" \/><\/figure>\n<\/div>","protected":false},"excerpt":{"rendered":"<p>Avec MYSTIC DESERT TOURS, d\u00e9couvrez des \u00e9tendues infinies, des paysages de dunes fascinants, des formations calcaires impressionnantes, la culture et les habitants des oasis, en voyageant \u00e0 bord de Land Cruisers en parfait \u00e9tat, ainsi qu\u2019\u00e0 dos de chameau et\/ou \u00e0 pied ! Nous organisons votre circuit dans le d\u00e9sert\/les oasis d\u2019\u00c9gypte de A \u00e0 Z. D\u00e9couvrez nos possibilit\u00e9s de personnalisation pour votre voyage inoubliable sous offres de voyage. Actualit\u00e9s<\/p>\n","protected":false},"author":1,"featured_media":0,"parent":0,"menu_order":0,"comment_status":"closed","ping_status":"closed","template":"","meta":{"footnotes":""},"class_list":["post-1610","page","type-page","status-publish","hentry"],"yoast_head":"<!-- This site is optimized with the Yoast SEO plugin v27.2 - https:\/\/yoast.com\/product\/yoast-seo-wordpress\/ -->\n<title>Accueil - Mystic Desert Tours<\/title>\n<meta name=\"robots\" content=\"index, follow, max-snippet:-1, max-image-preview:large, max-video-preview:-1\" \/>\n<link rel=\"canonical\" href=\"https:\/\/mystic-desert-tours.com\/fr\/\" \/>\n<meta name=\"twitter:label1\" content=\"Dur\u00e9e de lecture estim\u00e9e\" \/>\n\t<meta name=\"twitter:data1\" content=\"1 minute\" \/>\n<script type=\"application\/ld+json\" class=\"yoast-schema-graph\">{\"@context\":\"https:\/\/schema.org\",\"@graph\":[{\"@type\":\"WebPage\",\"@id\":\"https:\/\/mystic-desert-tours.com\/fr\/\",\"url\":\"https:\/\/mystic-desert-tours.com\/fr\/\",\"name\":\"Accueil - Mystic Desert Tours\",\"isPartOf\":{\"@id\":\"https:\/\/mystic-desert-tours.com\/fr\/#website\"},\"primaryImageOfPage\":{\"@id\":\"https:\/\/mystic-desert-tours.com\/fr\/#primaryimage\"},\"image\":{\"@id\":\"https:\/\/mystic-desert-tours.com\/fr\/#primaryimage\"},\"thumbnailUrl\":\"https:\/\/mystic-desert-tours.com\/wp-content\/uploads\/2025\/09\/cropped-mystic-desert-tours_logo_2-scaled-2.png\",\"datePublished\":\"2025-08-18T15:19:21+00:00\",\"dateModified\":\"2026-01-22T18:18:55+00:00\",\"breadcrumb\":{\"@id\":\"https:\/\/mystic-desert-tours.com\/fr\/#breadcrumb\"},\"inLanguage\":\"fr-FR\",\"potentialAction\":[{\"@type\":\"ReadAction\",\"target\":[\"https:\/\/mystic-desert-tours.com\/fr\/\"]}]},{\"@type\":\"ImageObject\",\"inLanguage\":\"fr-FR\",\"@id\":\"https:\/\/mystic-desert-tours.com\/fr\/#primaryimage\",\"url\":\"https:\/\/mystic-desert-tours.com\/wp-content\/uploads\/2025\/09\/cropped-mystic-desert-tours_logo_2-scaled-2.png\",\"contentUrl\":\"https:\/\/mystic-desert-tours.com\/wp-content\/uploads\/2025\/09\/cropped-mystic-desert-tours_logo_2-scaled-2.png\"},{\"@type\":\"BreadcrumbList\",\"@id\":\"https:\/\/mystic-desert-tours.com\/fr\/#breadcrumb\",\"itemListElement\":[{\"@type\":\"ListItem\",\"position\":1,\"name\":\"Startseite\",\"item\":\"https:\/\/mystic-desert-tours.com\/fr\/\"},{\"@type\":\"ListItem\",\"position\":2,\"name\":\"Accueil\"}]},{\"@type\":\"WebSite\",\"@id\":\"https:\/\/mystic-desert-tours.com\/fr\/#website\",\"url\":\"https:\/\/mystic-desert-tours.com\/fr\/\",\"name\":\"Mystic Desert Tours\",\"description\":\"\",\"publisher\":{\"@id\":\"https:\/\/mystic-desert-tours.com\/fr\/#organization\"},\"potentialAction\":[{\"@type\":\"SearchAction\",\"target\":{\"@type\":\"EntryPoint\",\"urlTemplate\":\"https:\/\/mystic-desert-tours.com\/fr\/?s={search_term_string}\"},\"query-input\":{\"@type\":\"PropertyValueSpecification\",\"valueRequired\":true,\"valueName\":\"search_term_string\"}}],\"inLanguage\":\"fr-FR\"},{\"@type\":\"Organization\",\"@id\":\"https:\/\/mystic-desert-tours.com\/fr\/#organization\",\"name\":\"Mystic Desert Tours\",\"url\":\"https:\/\/mystic-desert-tours.com\/fr\/\",\"logo\":{\"@type\":\"ImageObject\",\"inLanguage\":\"fr-FR\",\"@id\":\"https:\/\/mystic-desert-tours.com\/fr\/#\/schema\/logo\/image\/\",\"url\":\"https:\/\/mystic-desert-tours.com\/wp-content\/uploads\/2025\/09\/cropped-mystic-desert-tours_logo_2-scaled-1.png\",\"contentUrl\":\"https:\/\/mystic-desert-tours.com\/wp-content\/uploads\/2025\/09\/cropped-mystic-desert-tours_logo_2-scaled-1.png\",\"width\":2560,\"height\":941,\"caption\":\"Mystic Desert Tours\"},\"image\":{\"@id\":\"https:\/\/mystic-desert-tours.com\/fr\/#\/schema\/logo\/image\/\"}}]}<\/script>\n<!-- \/ Yoast SEO plugin. -->","yoast_head_json":{"title":"Accueil - Mystic Desert Tours","robots":{"index":"index","follow":"follow","max-snippet":"max-snippet:-1","max-image-preview":"max-image-preview:large","max-video-preview":"max-video-preview:-1"},"canonical":"https:\/\/mystic-desert-tours.com\/fr\/","twitter_misc":{"Dur\u00e9e de lecture estim\u00e9e":"1 minute"},"schema":{"@context":"https:\/\/schema.org","@graph":[{"@type":"WebPage","@id":"https:\/\/mystic-desert-tours.com\/fr\/","url":"https:\/\/mystic-desert-tours.com\/fr\/","name":"Accueil - Mystic Desert Tours","isPartOf":{"@id":"https:\/\/mystic-desert-tours.com\/fr\/#website"},"primaryImageOfPage":{"@id":"https:\/\/mystic-desert-tours.com\/fr\/#primaryimage"},"image":{"@id":"https:\/\/mystic-desert-tours.com\/fr\/#primaryimage"},"thumbnailUrl":"https:\/\/mystic-desert-tours.com\/wp-content\/uploads\/2025\/09\/cropped-mystic-desert-tours_logo_2-scaled-2.png","datePublished":"2025-08-18T15:19:21+00:00","dateModified":"2026-01-22T18:18:55+00:00","breadcrumb":{"@id":"https:\/\/mystic-desert-tours.com\/fr\/#breadcrumb"},"inLanguage":"fr-FR","potentialAction":[{"@type":"ReadAction","target":["https:\/\/mystic-desert-tours.com\/fr\/"]}]},{"@type":"ImageObject","inLanguage":"fr-FR","@id":"https:\/\/mystic-desert-tours.com\/fr\/#primaryimage","url":"https:\/\/mystic-desert-tours.com\/wp-content\/uploads\/2025\/09\/cropped-mystic-desert-tours_logo_2-scaled-2.png","contentUrl":"https:\/\/mystic-desert-tours.com\/wp-content\/uploads\/2025\/09\/cropped-mystic-desert-tours_logo_2-scaled-2.png"},{"@type":"BreadcrumbList","@id":"https:\/\/mystic-desert-tours.com\/fr\/#breadcrumb","itemListElement":[{"@type":"ListItem","position":1,"name":"Startseite","item":"https:\/\/mystic-desert-tours.com\/fr\/"},{"@type":"ListItem","position":2,"name":"Accueil"}]},{"@type":"WebSite","@id":"https:\/\/mystic-desert-tours.com\/fr\/#website","url":"https:\/\/mystic-desert-tours.com\/fr\/","name":"Mystic Desert Tours","description":"","publisher":{"@id":"https:\/\/mystic-desert-tours.com\/fr\/#organization"},"potentialAction":[{"@type":"SearchAction","target":{"@type":"EntryPoint","urlTemplate":"https:\/\/mystic-desert-tours.com\/fr\/?s={search_term_string}"},"query-input":{"@type":"PropertyValueSpecification","valueRequired":true,"valueName":"search_term_string"}}],"inLanguage":"fr-FR"},{"@type":"Organization","@id":"https:\/\/mystic-desert-tours.com\/fr\/#organization","name":"Mystic Desert Tours","url":"https:\/\/mystic-desert-tours.com\/fr\/","logo":{"@type":"ImageObject","inLanguage":"fr-FR","@id":"https:\/\/mystic-desert-tours.com\/fr\/#\/schema\/logo\/image\/","url":"https:\/\/mystic-desert-tours.com\/wp-content\/uploads\/2025\/09\/cropped-mystic-desert-tours_logo_2-scaled-1.png","contentUrl":"https:\/\/mystic-desert-tours.com\/wp-content\/uploads\/2025\/09\/cropped-mystic-desert-tours_logo_2-scaled-1.png","width":2560,"height":941,"caption":"Mystic Desert Tours"},"image":{"@id":"https:\/\/mystic-desert-tours.com\/fr\/#\/schema\/logo\/image\/"}}]}},"_links":{"self":[{"href":"https:\/\/mystic-desert-tours.com\/fr\/wp-json\/wp\/v2\/pages\/1610","targetHints":{"allow":["GET"]}}],"collection":[{"href":"https:\/\/mystic-desert-tours.com\/fr\/wp-json\/wp\/v2\/pages"}],"about":[{"href":"https:\/\/mystic-desert-tours.com\/fr\/wp-json\/wp\/v2\/types\/page"}],"author":[{"embeddable":true,"href":"https:\/\/mystic-desert-tours.com\/fr\/wp-json\/wp\/v2\/users\/1"}],"replies":[{"embeddable":true,"href":"https:\/\/mystic-desert-tours.com\/fr\/wp-json\/wp\/v2\/comments?post=1610"}],"version-history":[{"count":3,"href":"https:\/\/mystic-desert-tours.com\/fr\/wp-json\/wp\/v2\/pages\/1610\/revisions"}],"predecessor-version":[{"id":1812,"href":"https:\/\/mystic-desert-tours.com\/fr\/wp-json\/wp\/v2\/pages\/1610\/revisions\/1812"}],"wp:attachment":[{"href":"https:\/\/mystic-desert-tours.com\/fr\/wp-json\/wp\/v2\/media?parent=1610"}],"curies":[{"name":"wp","href":"https:\/\/api.w.org\/{rel}","templated":true}]}}