{"id":1759,"date":"2025-08-18T15:19:21","date_gmt":"2025-08-18T15:19:21","guid":{"rendered":"https:\/\/mystic-desert-tours.com\/politique-de-confidentialite\/"},"modified":"2025-12-17T19:51:19","modified_gmt":"2025-12-17T19:51:19","slug":"politique-de-confidentialite","status":"publish","type":"page","link":"https:\/\/mystic-desert-tours.com\/fr\/politique-de-confidentialite\/","title":{"rendered":"Politique de confidentialit\u00e9"},"content":{"rendered":"\n<h2 class=\"wp-block-heading\">Qui sommes-nous ?<\/h2>\n\n<p>L\u2019adresse de notre site web est\u00a0: https:\/\/mystic-desert-tours.com.<\/p>\n\n<h2 class=\"wp-block-heading\">Commentaires<\/h2>\n\n<p>Quand les visiteurs laissent des commentaires sur le site, nous recueillons les donn\u00e9es affich\u00e9es dans le formulaire de commentaire, ainsi que l\u2019adresse IP du visiteur et la cha\u00eene de l\u2019agent utilisateur du navigateur afin de faciliter la d\u00e9tection des spams.<\/p>\n\n<p>Une cha\u00eene anonymis\u00e9e cr\u00e9\u00e9e \u00e0 partir de votre adresse e-mail (\u00e9galement appel\u00e9e hachage) peut \u00eatre fournie au service Gravatar pour v\u00e9rifier si vous l\u2019utilisez. La politique de confidentialit\u00e9 du service Gravatar est disponible ici\u00a0: https:\/\/automattic.com\/privacy\/. Apr\u00e8s approbation de votre commentaire, votre photo de profil est visible publiquement dans le contexte de votre commentaire. <\/p>\n\n<h2 class=\"wp-block-heading\">M\u00e9dias<\/h2>\n\n<p>Si vous t\u00e9l\u00e9versez des images sur le site web, \u00e9vitez de t\u00e9l\u00e9verser des images contenant des donn\u00e9es de localisation int\u00e9gr\u00e9es (EXIF GPS). Les visiteurs du site web peuvent t\u00e9l\u00e9charger et extraire les donn\u00e9es de localisation des images du site web. <\/p>\n\n<h2 class=\"wp-block-heading\">Cookies<\/h2>\n\n<p>Si vous laissez un commentaire sur notre site, vous pouvez choisir d\u2019enregistrer votre nom, votre adresse e-mail et votre site web dans des cookies. Ils servent uniquement \u00e0 vous faciliter la t\u00e2che, afin que vous n\u2019ayez pas \u00e0 saisir \u00e0 nouveau vos coordonn\u00e9es lorsque vous laissez un autre commentaire. Ces cookies ont une dur\u00e9e de vie d\u2019un an.  <\/p>\n\n<p>Lorsque vous visitez notre page de connexion, nous installons un cookie temporaire pour d\u00e9terminer si votre navigateur accepte les cookies. Ce cookie ne contient aucune donn\u00e9e personnelle et est supprim\u00e9 lorsque vous fermez votre navigateur. <\/p>\n\n<p>Lorsque vous vous connectez, nous installons \u00e9galement plusieurs cookies pour enregistrer vos informations de connexion et vos choix d\u2019affichage \u00e0 l\u2019\u00e9cran. Les cookies de connexion ont une dur\u00e9e de vie de deux jours et les cookies d\u2019affichage \u00e0 l\u2019\u00e9cran ont une dur\u00e9e de vie d\u2019un an. Si vous s\u00e9lectionnez \u00ab\u00a0Se souvenir de moi\u00a0\u00bb, votre connexion sera maintenue pendant deux semaines. Si vous vous d\u00e9connectez de votre compte, les cookies de connexion seront supprim\u00e9s.   <\/p>\n\n<p>Si vous modifiez ou publiez un article, un cookie suppl\u00e9mentaire est enregistr\u00e9 dans votre navigateur. Ce cookie ne contient aucune donn\u00e9e personnelle et indique simplement l\u2019ID de l\u2019article que vous venez de modifier. Il expire au bout d\u2019un jour.  <\/p>\n\n<h2 class=\"wp-block-heading\">Contenu int\u00e9gr\u00e9 provenant d\u2019autres sites web<\/h2>\n\n<p>Les articles de ce site peuvent inclure du contenu int\u00e9gr\u00e9 (par exemple, des vid\u00e9os, des images, des articles, etc.). Le contenu int\u00e9gr\u00e9 provenant d\u2019autres sites web se comporte exactement comme si le visiteur avait visit\u00e9 l\u2019autre site web. <\/p>\n\n<p>Ces sites web peuvent recueillir des donn\u00e9es vous concernant, utiliser des cookies, int\u00e9grer un suivi suppl\u00e9mentaire par des tiers et surveiller votre interaction avec ce contenu int\u00e9gr\u00e9, notamment en suivant votre interaction avec le contenu int\u00e9gr\u00e9 si vous avez un compte et \u00eates connect\u00e9 \u00e0 ce site web.<\/p>\n\n<h2 class=\"wp-block-heading\">Donn\u00e9es<\/h2>\n\n<p><strong>Avec qui nous partageons vos donn\u00e9es<\/strong><br\/>Si vous demandez une r\u00e9initialisation de mot de passe, votre adresse\u00a0IP sera incluse dans l\u2019e-mail de r\u00e9initialisation.<\/p>\n\n<p><strong>Combien de temps nous conservons vos donn\u00e9es<\/strong><br\/>Si vous laissez un commentaire, le commentaire et ses m\u00e9tadonn\u00e9es sont conserv\u00e9s ind\u00e9finiment. Cela nous permet de reconna\u00eetre et d\u2019approuver automatiquement tous les commentaires de suivi au lieu de les conserver dans une file d\u2019attente de mod\u00e9ration. <\/p>\n\n<p>Pour les utilisateurs qui s\u2019inscrivent sur notre site web (le cas \u00e9ch\u00e9ant), nous conservons \u00e9galement les informations personnelles qu\u2019ils fournissent dans leur profil d\u2019utilisateur. Tous les utilisateurs peuvent consulter, modifier ou supprimer leurs informations personnelles \u00e0 tout moment (sauf leur nom d\u2019utilisateur, qu\u2019ils ne peuvent pas modifier). Les administrateurs du site web peuvent \u00e9galement consulter et modifier ces informations.  <\/p>\n\n<p><strong>Quels droits vous avez sur vos donn\u00e9es<\/strong><br\/>Si vous avez un compte sur ce site web ou si vous avez laiss\u00e9 des commentaires, vous pouvez demander un fichier export\u00e9 des donn\u00e9es personnelles que nous d\u00e9tenons \u00e0 votre sujet, y compris toutes les donn\u00e9es que vous nous avez fournies. Vous pouvez \u00e9galement demander que nous effacions toutes les donn\u00e9es personnelles que nous d\u00e9tenons \u00e0 votre sujet. Cela ne comprend pas les donn\u00e9es que nous sommes tenus de conserver \u00e0 des fins administratives, juridiques ou de s\u00e9curit\u00e9.  <\/p>\n\n<p><strong>O\u00f9 vos donn\u00e9es sont envoy\u00e9es<\/strong><br\/>Les commentaires des visiteurs peuvent \u00eatre v\u00e9rifi\u00e9s par un service automatis\u00e9 de d\u00e9tection des spams.<\/p>\n","protected":false},"excerpt":{"rendered":"<p>Qui sommes-nous ? L\u2019adresse de notre site web est\u00a0: https:\/\/mystic-desert-tours.com. Commentaires Quand les visiteurs laissent des commentaires sur le site, nous recueillons les donn\u00e9es affich\u00e9es dans le formulaire de commentaire, ainsi que l\u2019adresse IP du visiteur et la cha\u00eene de l\u2019agent utilisateur du navigateur afin de faciliter la d\u00e9tection des spams. Une cha\u00eene anonymis\u00e9e cr\u00e9\u00e9e \u00e0 partir de votre adresse e-mail (\u00e9galement appel\u00e9e hachage) peut \u00eatre fournie au service Gravatar pour v\u00e9rifier si vous l\u2019utilisez. La politique de confidentialit\u00e9 du service Gravatar est disponible ici\u00a0: https:\/\/automattic.com\/privacy\/. Apr\u00e8s approbation de votre commentaire, votre photo de profil est visible publiquement dans le contexte de votre commentaire. M\u00e9dias Si vous t\u00e9l\u00e9versez des images sur le site web, \u00e9vitez de t\u00e9l\u00e9verser des images contenant des donn\u00e9es de localisation int\u00e9gr\u00e9es (EXIF GPS). Les visiteurs du site web peuvent t\u00e9l\u00e9charger et extraire les donn\u00e9es de localisation des images du site web. Cookies Si vous laissez un commentaire sur notre site, vous pouvez choisir d\u2019enregistrer votre nom, votre adresse e-mail et votre site web dans des cookies. Ils servent uniquement \u00e0 vous faciliter la t\u00e2che, afin que vous n\u2019ayez pas \u00e0 saisir \u00e0 nouveau vos coordonn\u00e9es lorsque vous laissez un autre commentaire. Ces cookies ont une dur\u00e9e de vie d\u2019un an. Lorsque vous visitez notre page de connexion, nous installons un cookie temporaire pour d\u00e9terminer si votre navigateur accepte les cookies. Ce cookie ne contient aucune donn\u00e9e personnelle et est supprim\u00e9 lorsque vous fermez votre navigateur. Lorsque vous vous connectez, nous installons \u00e9galement plusieurs cookies pour enregistrer vos informations de connexion et vos choix d\u2019affichage \u00e0 l\u2019\u00e9cran. Les cookies de connexion ont une dur\u00e9e de vie de deux jours et les cookies d\u2019affichage \u00e0 l\u2019\u00e9cran ont une dur\u00e9e de vie d\u2019un an. Si vous s\u00e9lectionnez \u00ab\u00a0Se souvenir de moi\u00a0\u00bb, votre connexion sera maintenue pendant deux semaines. Si vous vous d\u00e9connectez de votre compte, les cookies de connexion seront supprim\u00e9s. Si vous modifiez ou publiez un article, un cookie suppl\u00e9mentaire est enregistr\u00e9 dans votre navigateur. Ce cookie ne contient aucune donn\u00e9e personnelle et indique simplement l\u2019ID de l\u2019article que vous venez de modifier. Il expire au bout d\u2019un jour. Contenu int\u00e9gr\u00e9 provenant d\u2019autres sites web Les articles de ce site peuvent inclure du contenu int\u00e9gr\u00e9 (par exemple, des vid\u00e9os, des images, des articles, etc.). Le contenu int\u00e9gr\u00e9 provenant d\u2019autres sites web se comporte exactement comme si le visiteur avait visit\u00e9 l\u2019autre site web. Ces sites web peuvent recueillir des donn\u00e9es vous concernant, utiliser des cookies, int\u00e9grer un suivi suppl\u00e9mentaire par des tiers et surveiller votre interaction avec ce contenu int\u00e9gr\u00e9, notamment en suivant votre interaction avec le contenu int\u00e9gr\u00e9 si vous avez un compte et \u00eates connect\u00e9 \u00e0 ce site web. Donn\u00e9es Avec qui nous partageons vos donn\u00e9esSi vous demandez une r\u00e9initialisation de mot de passe, votre adresse\u00a0IP sera incluse dans l\u2019e-mail de r\u00e9initialisation. Combien de temps nous conservons vos donn\u00e9esSi vous laissez un commentaire, le commentaire et ses m\u00e9tadonn\u00e9es sont conserv\u00e9s ind\u00e9finiment. Cela nous permet de reconna\u00eetre et d\u2019approuver automatiquement tous les commentaires de suivi au lieu de les conserver dans une file d\u2019attente de mod\u00e9ration. Pour les utilisateurs qui s\u2019inscrivent sur notre site web (le cas \u00e9ch\u00e9ant), nous conservons \u00e9galement les informations personnelles qu\u2019ils fournissent dans leur profil d\u2019utilisateur. Tous les utilisateurs peuvent consulter, modifier ou supprimer leurs informations personnelles \u00e0 tout moment (sauf leur nom d\u2019utilisateur, qu\u2019ils ne peuvent pas modifier). Les administrateurs du site web peuvent \u00e9galement consulter et modifier ces informations. Quels droits vous avez sur vos donn\u00e9esSi vous avez un compte sur ce site web ou si vous avez laiss\u00e9 des commentaires, vous pouvez demander un fichier export\u00e9 des donn\u00e9es personnelles que nous d\u00e9tenons \u00e0 votre sujet, y compris toutes les donn\u00e9es que vous nous avez fournies. Vous pouvez \u00e9galement demander que nous effacions toutes les donn\u00e9es personnelles que nous d\u00e9tenons \u00e0 votre sujet. Cela ne comprend pas les donn\u00e9es que nous sommes tenus de conserver \u00e0 des fins administratives, juridiques ou de s\u00e9curit\u00e9. O\u00f9 vos donn\u00e9es sont envoy\u00e9esLes commentaires des visiteurs peuvent \u00eatre v\u00e9rifi\u00e9s par un service automatis\u00e9 de d\u00e9tection des spams.<\/p>\n","protected":false},"author":1,"featured_media":0,"parent":0,"menu_order":0,"comment_status":"closed","ping_status":"closed","template":"","meta":{"footnotes":""},"class_list":["post-1759","page","type-page","status-publish","hentry"],"yoast_head":"<!-- This site is optimized with the Yoast SEO plugin v27.2 - https:\/\/yoast.com\/product\/yoast-seo-wordpress\/ -->\n<title>Politique de confidentialit\u00e9 - Mystic Desert Tours<\/title>\n<meta name=\"robots\" content=\"index, follow, max-snippet:-1, max-image-preview:large, max-video-preview:-1\" \/>\n<link rel=\"canonical\" href=\"https:\/\/mystic-desert-tours.com\/fr\/politique-de-confidentialite\/\" \/>\n<meta name=\"twitter:label1\" content=\"Dur\u00e9e de lecture estim\u00e9e\" \/>\n\t<meta name=\"twitter:data1\" content=\"4 minutes\" \/>\n<script type=\"application\/ld+json\" class=\"yoast-schema-graph\">{\"@context\":\"https:\/\/schema.org\",\"@graph\":[{\"@type\":\"WebPage\",\"@id\":\"https:\/\/mystic-desert-tours.com\/fr\/politique-de-confidentialite\/\",\"url\":\"https:\/\/mystic-desert-tours.com\/fr\/politique-de-confidentialite\/\",\"name\":\"Politique de confidentialit\u00e9 - Mystic Desert Tours\",\"isPartOf\":{\"@id\":\"https:\/\/mystic-desert-tours.com\/fr\/#website\"},\"datePublished\":\"2025-08-18T15:19:21+00:00\",\"dateModified\":\"2025-12-17T19:51:19+00:00\",\"breadcrumb\":{\"@id\":\"https:\/\/mystic-desert-tours.com\/fr\/politique-de-confidentialite\/#breadcrumb\"},\"inLanguage\":\"fr-FR\",\"potentialAction\":[{\"@type\":\"ReadAction\",\"target\":[\"https:\/\/mystic-desert-tours.com\/fr\/politique-de-confidentialite\/\"]}]},{\"@type\":\"BreadcrumbList\",\"@id\":\"https:\/\/mystic-desert-tours.com\/fr\/politique-de-confidentialite\/#breadcrumb\",\"itemListElement\":[{\"@type\":\"ListItem\",\"position\":1,\"name\":\"Startseite\",\"item\":\"https:\/\/mystic-desert-tours.com\/fr\/\"},{\"@type\":\"ListItem\",\"position\":2,\"name\":\"Politique de confidentialit\u00e9\"}]},{\"@type\":\"WebSite\",\"@id\":\"https:\/\/mystic-desert-tours.com\/fr\/#website\",\"url\":\"https:\/\/mystic-desert-tours.com\/fr\/\",\"name\":\"Mystic Desert Tours\",\"description\":\"\",\"publisher\":{\"@id\":\"https:\/\/mystic-desert-tours.com\/fr\/#organization\"},\"potentialAction\":[{\"@type\":\"SearchAction\",\"target\":{\"@type\":\"EntryPoint\",\"urlTemplate\":\"https:\/\/mystic-desert-tours.com\/fr\/?s={search_term_string}\"},\"query-input\":{\"@type\":\"PropertyValueSpecification\",\"valueRequired\":true,\"valueName\":\"search_term_string\"}}],\"inLanguage\":\"fr-FR\"},{\"@type\":\"Organization\",\"@id\":\"https:\/\/mystic-desert-tours.com\/fr\/#organization\",\"name\":\"Mystic Desert Tours\",\"url\":\"https:\/\/mystic-desert-tours.com\/fr\/\",\"logo\":{\"@type\":\"ImageObject\",\"inLanguage\":\"fr-FR\",\"@id\":\"https:\/\/mystic-desert-tours.com\/fr\/#\/schema\/logo\/image\/\",\"url\":\"https:\/\/mystic-desert-tours.com\/wp-content\/uploads\/2025\/09\/cropped-mystic-desert-tours_logo_2-scaled-1.png\",\"contentUrl\":\"https:\/\/mystic-desert-tours.com\/wp-content\/uploads\/2025\/09\/cropped-mystic-desert-tours_logo_2-scaled-1.png\",\"width\":2560,\"height\":941,\"caption\":\"Mystic Desert Tours\"},\"image\":{\"@id\":\"https:\/\/mystic-desert-tours.com\/fr\/#\/schema\/logo\/image\/\"}}]}<\/script>\n<!-- \/ Yoast SEO plugin. -->","yoast_head_json":{"title":"Politique de confidentialit\u00e9 - Mystic Desert Tours","robots":{"index":"index","follow":"follow","max-snippet":"max-snippet:-1","max-image-preview":"max-image-preview:large","max-video-preview":"max-video-preview:-1"},"canonical":"https:\/\/mystic-desert-tours.com\/fr\/politique-de-confidentialite\/","twitter_misc":{"Dur\u00e9e de lecture estim\u00e9e":"4 minutes"},"schema":{"@context":"https:\/\/schema.org","@graph":[{"@type":"WebPage","@id":"https:\/\/mystic-desert-tours.com\/fr\/politique-de-confidentialite\/","url":"https:\/\/mystic-desert-tours.com\/fr\/politique-de-confidentialite\/","name":"Politique de confidentialit\u00e9 - Mystic Desert Tours","isPartOf":{"@id":"https:\/\/mystic-desert-tours.com\/fr\/#website"},"datePublished":"2025-08-18T15:19:21+00:00","dateModified":"2025-12-17T19:51:19+00:00","breadcrumb":{"@id":"https:\/\/mystic-desert-tours.com\/fr\/politique-de-confidentialite\/#breadcrumb"},"inLanguage":"fr-FR","potentialAction":[{"@type":"ReadAction","target":["https:\/\/mystic-desert-tours.com\/fr\/politique-de-confidentialite\/"]}]},{"@type":"BreadcrumbList","@id":"https:\/\/mystic-desert-tours.com\/fr\/politique-de-confidentialite\/#breadcrumb","itemListElement":[{"@type":"ListItem","position":1,"name":"Startseite","item":"https:\/\/mystic-desert-tours.com\/fr\/"},{"@type":"ListItem","position":2,"name":"Politique de confidentialit\u00e9"}]},{"@type":"WebSite","@id":"https:\/\/mystic-desert-tours.com\/fr\/#website","url":"https:\/\/mystic-desert-tours.com\/fr\/","name":"Mystic Desert Tours","description":"","publisher":{"@id":"https:\/\/mystic-desert-tours.com\/fr\/#organization"},"potentialAction":[{"@type":"SearchAction","target":{"@type":"EntryPoint","urlTemplate":"https:\/\/mystic-desert-tours.com\/fr\/?s={search_term_string}"},"query-input":{"@type":"PropertyValueSpecification","valueRequired":true,"valueName":"search_term_string"}}],"inLanguage":"fr-FR"},{"@type":"Organization","@id":"https:\/\/mystic-desert-tours.com\/fr\/#organization","name":"Mystic Desert Tours","url":"https:\/\/mystic-desert-tours.com\/fr\/","logo":{"@type":"ImageObject","inLanguage":"fr-FR","@id":"https:\/\/mystic-desert-tours.com\/fr\/#\/schema\/logo\/image\/","url":"https:\/\/mystic-desert-tours.com\/wp-content\/uploads\/2025\/09\/cropped-mystic-desert-tours_logo_2-scaled-1.png","contentUrl":"https:\/\/mystic-desert-tours.com\/wp-content\/uploads\/2025\/09\/cropped-mystic-desert-tours_logo_2-scaled-1.png","width":2560,"height":941,"caption":"Mystic Desert Tours"},"image":{"@id":"https:\/\/mystic-desert-tours.com\/fr\/#\/schema\/logo\/image\/"}}]}},"_links":{"self":[{"href":"https:\/\/mystic-desert-tours.com\/fr\/wp-json\/wp\/v2\/pages\/1759","targetHints":{"allow":["GET"]}}],"collection":[{"href":"https:\/\/mystic-desert-tours.com\/fr\/wp-json\/wp\/v2\/pages"}],"about":[{"href":"https:\/\/mystic-desert-tours.com\/fr\/wp-json\/wp\/v2\/types\/page"}],"author":[{"embeddable":true,"href":"https:\/\/mystic-desert-tours.com\/fr\/wp-json\/wp\/v2\/users\/1"}],"replies":[{"embeddable":true,"href":"https:\/\/mystic-desert-tours.com\/fr\/wp-json\/wp\/v2\/comments?post=1759"}],"version-history":[{"count":1,"href":"https:\/\/mystic-desert-tours.com\/fr\/wp-json\/wp\/v2\/pages\/1759\/revisions"}],"predecessor-version":[{"id":1760,"href":"https:\/\/mystic-desert-tours.com\/fr\/wp-json\/wp\/v2\/pages\/1759\/revisions\/1760"}],"wp:attachment":[{"href":"https:\/\/mystic-desert-tours.com\/fr\/wp-json\/wp\/v2\/media?parent=1759"}],"curies":[{"name":"wp","href":"https:\/\/api.w.org\/{rel}","templated":true}]}}